{"id":318,"date":"2015-06-08T15:30:06","date_gmt":"2015-06-08T15:30:06","guid":{"rendered":"http:\/\/labmondo.pl\/wp\/?page_id=318"},"modified":"2015-06-30T15:06:45","modified_gmt":"2015-06-30T15:06:45","slug":"home_ps","status":"publish","type":"page","link":"https:\/\/labmondo.pl\/wp\/","title":{"rendered":"Home"},"content":{"rendered":"<p>&nbsp;<\/p>\n<\/div><div class=\"icons\">\n<div class=\"grid-4\"><a class=\"flipanim\" href=\"http:\/\/labmondo.pl\/wp\/?p=624\"><div class=\"icon-bg\"><img src=\"https:\/\/labmondo.pl\/wp\/wp-content\/themes\/arc-wp\/images\/icons\/17.png\" alt=\"\"\/><\/div><\/a><div class=\"icon-text\"><h4>Rendering \/ Wizualizacje<\/h4><p><\/p><\/div><\/div>\n<div class=\"grid-4\"><a class=\"flipanim\" href=\"http:\/\/labmondo.pl\/wp\/?p=631\"><div class=\"icon-bg\"><img src=\"https:\/\/labmondo.pl\/wp\/wp-content\/themes\/arc-wp\/images\/icons\/15.png\" alt=\"\"\/><\/div><\/a><div class=\"icon-text\"><h4>Virtual office &amp; home \/ Wirtualne biuro i dom<\/h4><p><\/p><\/div><\/div>\n<div class=\"grid-4\"><a class=\"flipanim\" href=\"http:\/\/labmondo.pl\/wp\/?p=641\"><div class=\"icon-bg\"><img src=\"https:\/\/labmondo.pl\/wp\/wp-content\/themes\/arc-wp\/images\/icons\/6.png\" alt=\"\"\/><\/div><\/a><div class=\"icon-text\"><h4>Virtual Environment<\/h4><p><\/p><\/div><\/div>\n<hr\/>\n<\/div><div class=\"icons\"><\/div><div class=\"grid-12\">\n<div class=\"grid-4\"><a class=\"flipanim\" href=\"http:\/\/labmondo.pl\/wp\/?p=646\"><div class=\"icon-bg\"><img src=\"https:\/\/labmondo.pl\/wp\/wp-content\/themes\/arc-wp\/images\/icons\/42.png\" alt=\"\"\/><\/div><\/a><div class=\"icon-text\"><h4>Panorama<\/h4><p><\/p><\/div><\/div>\n<div class=\"grid-4\"><a class=\"flipanim\" href=\"http:\/\/labmondo.pl\/wp\/?p=650\"><div class=\"icon-bg\"><img src=\"https:\/\/labmondo.pl\/wp\/wp-content\/themes\/arc-wp\/images\/icons\/41.png\" alt=\"\"\/><\/div><\/a><div class=\"icon-text\"><h4>Animation \/ Animacja<\/h4><p><\/p><\/div><\/div>\n<div class=\"grid-4\"><a class=\"flipanim\" href=\"http:\/\/labmondo.pl\/wp\/?p=654\"><div class=\"icon-bg\"><img src=\"https:\/\/labmondo.pl\/wp\/wp-content\/themes\/arc-wp\/images\/icons\/31.png\" alt=\"\"\/><\/div><\/a><div class=\"icon-text\"><h4>R&amp;D <\/h4><p><\/p><\/div><\/div>\n<\/div><div class=\"grid-12\">\n<hr\/>\n<h2>Latest Projects<\/h2>\n<p>Ka\u017cdy projekt jest dla nas wyzwaniem. Nieustanie szukamy nowych pomys\u0142\u00f3w i rozwi\u0105za\u0144 \u017ceby podnosi\u0107 jako\u015b\u0107 \u015bwiadczonych przez nas us\u0142ug. Poni\u017cej prezentujemy nasze najnowsze prace.<\/p>\n<ul id=\"da-thumbs\" class=\"da-thumbs \">\r\n    <li><a href=\"https:\/\/labmondo.pl\/wp\/?arc_project=a29\"><img width=\"400\" height=\"300\" src=\"https:\/\/labmondo.pl\/wp\/wp-content\/uploads\/2021\/08\/02_kadr_1_23_10PS3-400x300.jpg\" class=\"attachment-rectangle-large size-rectangle-large wp-post-image\" alt=\"\" loading=\"lazy\" \/><div><span>a29<\/span><\/div><\/a><\/li>\r\n    <li><a href=\"https:\/\/labmondo.pl\/wp\/?arc_project=a25\"><img width=\"400\" height=\"300\" src=\"https:\/\/labmondo.pl\/wp\/wp-content\/uploads\/2021\/08\/k4-400x300.jpg\" class=\"attachment-rectangle-large size-rectangle-large wp-post-image\" alt=\"\" loading=\"lazy\" srcset=\"https:\/\/labmondo.pl\/wp\/wp-content\/uploads\/2021\/08\/k4-400x300.jpg 400w, https:\/\/labmondo.pl\/wp\/wp-content\/uploads\/2021\/08\/k4-500x375.jpg 500w, https:\/\/labmondo.pl\/wp\/wp-content\/uploads\/2021\/08\/k4-1024x768.jpg 1024w\" sizes=\"(max-width: 400px) 100vw, 400px\" \/><div><span>a25<\/span><\/div><\/a><\/li>\r\n    <li><a href=\"https:\/\/labmondo.pl\/wp\/?arc_project=a24\"><img width=\"400\" height=\"300\" src=\"https:\/\/labmondo.pl\/wp\/wp-content\/uploads\/2021\/08\/20_06_k1_b-400x300.jpg\" class=\"attachment-rectangle-large size-rectangle-large wp-post-image\" alt=\"\" loading=\"lazy\" \/><div><span>a24<\/span><\/div><\/a><\/li>\r\n    <li><a href=\"https:\/\/labmondo.pl\/wp\/?arc_project=a23\"><img width=\"400\" height=\"300\" src=\"https:\/\/labmondo.pl\/wp\/wp-content\/uploads\/2021\/08\/r6-400x300.jpg\" class=\"attachment-rectangle-large size-rectangle-large wp-post-image\" alt=\"\" loading=\"lazy\" srcset=\"https:\/\/labmondo.pl\/wp\/wp-content\/uploads\/2021\/08\/r6-400x300.jpg 400w, https:\/\/labmondo.pl\/wp\/wp-content\/uploads\/2021\/08\/r6-500x375.jpg 500w, https:\/\/labmondo.pl\/wp\/wp-content\/uploads\/2021\/08\/r6-1024x768.jpg 1024w\" sizes=\"(max-width: 400px) 100vw, 400px\" \/><div><span>a23<\/span><\/div><\/a><\/li>\r\n<\/ul>\n<hr\/>\n<h3>Our Mission<\/h3>\n<q><span>\u00a0Naszym celem jest dostarczanie najwy\u017cszej jako\u015bci, innowacyjnych rozwi\u0105za\u0144 w zakresie ilustracji architektonicznej. <\/span><cite>Labmondo<\/cite><\/q>\n<q><span>Our goal is to provide the highest quality, innovative solutions for architectural illustration .<\/span><cite>Labmondo<\/cite><\/q>\n<q><span>\u00a0LABMONDO nawi\u0105zuje do s\u0142\u00f3w Laboratorium i \u015awiat. Nasz\u0105 ambicj\u0105 jest odkrywanie\u00a0wirtualnych \u015bwiat\u00f3w i prowadzenie eksperyment\u00f3w z czasem i przestrzeni\u0105.\u00a0<\/span><cite>Labmondo<\/cite><\/q>\n<q><span> LABMONDO refers to the words of the Laboratory and the World. Our ambition is to explore virtual worlds and conducting experiments with time and space <\/span><cite>Labmondo<\/cite><\/q>\n<q><span>Nieustanie d\u0105\u017cymy do podniesienia jako\u015bci \u015bwiadczonych przez nas us\u0142ug i spe\u0142nienie oczekiwa\u0144 naszych klient\u00f3w.<\/span><cite>Labmondo<\/cite><\/q>\n<q><span><span lang=\"en\">We constantly strive to improve our services and meet the expectations of our customers.<\/span><\/span><cite>Labmondo<\/cite><\/q>\n","protected":false},"excerpt":{"rendered":"<p>&nbsp; Latest Projects Ka\u017cdy projekt jest dla nas wyzwaniem. Nieustanie szukamy nowych pomys\u0142\u00f3w i rozwi\u0105za\u0144 \u017ceby podnosi\u0107 jako\u015b\u0107 \u015bwiadczonych przez nas us\u0142ug. Poni\u017cej prezentujemy nasze najnowsze prace. Our Mission<\/p>\n","protected":false},"author":1,"featured_media":0,"parent":0,"menu_order":0,"comment_status":"open","ping_status":"open","template":"homepage.php","meta":[],"_links":{"self":[{"href":"https:\/\/labmondo.pl\/wp\/index.php?rest_route=\/wp\/v2\/pages\/318"}],"collection":[{"href":"https:\/\/labmondo.pl\/wp\/index.php?rest_route=\/wp\/v2\/pages"}],"about":[{"href":"https:\/\/labmondo.pl\/wp\/index.php?rest_route=\/wp\/v2\/types\/page"}],"author":[{"embeddable":true,"href":"https:\/\/labmondo.pl\/wp\/index.php?rest_route=\/wp\/v2\/users\/1"}],"replies":[{"embeddable":true,"href":"https:\/\/labmondo.pl\/wp\/index.php?rest_route=%2Fwp%2Fv2%2Fcomments&post=318"}],"version-history":[{"count":48,"href":"https:\/\/labmondo.pl\/wp\/index.php?rest_route=\/wp\/v2\/pages\/318\/revisions"}],"predecessor-version":[{"id":902,"href":"https:\/\/labmondo.pl\/wp\/index.php?rest_route=\/wp\/v2\/pages\/318\/revisions\/902"}],"wp:attachment":[{"href":"https:\/\/labmondo.pl\/wp\/index.php?rest_route=%2Fwp%2Fv2%2Fmedia&parent=318"}],"curies":[{"name":"wp","href":"https:\/\/api.w.org\/{rel}","templated":true}]}}